{"id":1284,"date":"2014-12-09T20:09:51","date_gmt":"2014-12-09T20:09:51","guid":{"rendered":"http:\/\/www.publikment.com\/blog-2\/"},"modified":"2018-09-04T12:22:01","modified_gmt":"2018-09-04T12:22:01","slug":"blog","status":"publish","type":"page","link":"https:\/\/www.publikment.com\/ca\/blog\/","title":{"rendered":"Blog"},"content":{"rendered":"<p>[vc_row padding_top=&#8221;80&#8243; padding_bottom=&#8221;30&#8243;][vc_column][wt_section_headings]<\/p>\n<h2>El nostre blog<\/h2>\n<h3 class=\"h2\">Aquestes s\u00f3n les nostres \u00faltimes not\u00edcies<\/h3>\n<p>[\/wt_section_headings][wt_spacer height=&#8221;35&#8243;][wt_blog_grid count=&#8221;3&#8243; excerpt_length=&#8221;20&#8243;][\/vc_column][\/vc_row][vc_row center_row=&#8221;yes&#8221; bg_type=&#8221;parallax&#8221; bck_image=&#8221;1015&#8243; padding_top=&#8221;80&#8243; padding_bottom=&#8221;80&#8243; el_id=&#8221;promo_line&#8221;][vc_column][vc_column_text css_animation=&#8221;fadeIn&#8221;]<\/p>\n<h2>VOLS QUE ET VEGIN CADA DIA?<\/h2>\n<p>Crea un moment <strong>&#8220;revelador&#8221;<\/strong> i descobreix amb Publikment per qu\u00e8 la paraula <strong>&#8220;nou&#8221;<\/strong> s&#8217;utilitza tan sovint en publicitat.[\/vc_column_text][\/vc_column][\/vc_row][vc_row][vc_column][wt_spacer height=&#8221;52&#8243;][wt_section_headings]<\/p>\n<h2>Fes que la teva publicitat es mogui amb nosaltres<\/h2>\n<h3>Publikment t&#8217;ajuda a posar-la en moviment<\/h3>\n<p>[\/wt_section_headings][wt_spacer height=&#8221;46&#8243;][\/vc_column][\/vc_row][vc_row][vc_column width=&#8221;1\/6&#8243;][\/vc_column][vc_column width=&#8221;2\/3&#8243;][wt_timeline title=&#8221;Selecciona&#8221; date=&#8221;Comencem &#8230;?&#8221;]Selecciona el mitj\u00e0 de comunicaci\u00f3 adequat[\/wt_timeline][wt_timeline alignment=&#8221;right&#8221; title=&#8221;Sigues original&#8221;]Pensa m\u00e9s enll\u00e0 dels tradicionals mitjans publicitaris[\/wt_timeline][wt_timeline title=&#8221;Pregunta&#8217;t&#8221;]On es troba el teu audi\u00e8ncia?[\/wt_timeline][wt_timeline alignment=&#8221;right&#8221; title=&#8221;Millora les teves probabilitats&#8221;]Obt\u00e9 millors probabilitats d&#8217;aconseguir els teus objectius[\/wt_timeline][wt_timeline title=&#8221;L&#8217;elecci\u00f3 del mitj\u00e0 publicitari \u00e9s el factor fonamental per a l&#8217;\u00e8xit de la teva publicitat&#8221;]Per triar el mitj\u00e0 m\u00e9s adequat, s&#8217;han de tenir en compte les <strong>necessitats, prefer\u00e8ncies, costums <\/strong>i<strong> h\u00e0bits<\/strong> del teu p\u00fablic objectiu. Tria els canals que siguin m\u00e9s accessibles per a aquest, els que utilitzi m\u00e9s i que garanteixin el bon nivell d&#8217;atenci\u00f3 que el teu producte requereix.[\/wt_timeline][wt_spacer height=&#8221;46&#8243;][\/vc_column][vc_column width=&#8221;1\/6&#8243;][\/vc_column][\/vc_row][vc_row parallax=&#8221;content-moving&#8221; center_row=&#8221;yes&#8221; bg_type=&#8221;parallax&#8221; bck_image=&#8221;1015&#8243; padding_top=&#8221;80&#8243; padding_bottom=&#8221;80&#8243; el_id=&#8221;promo_line&#8221;][vc_column][vc_column_text css_animation=&#8221;fadeIn&#8221;]<\/p>\n<h2><\/h2>\n<h2>T&#8217;ajudem a fer-te veure pels teus clients objectius<\/h2>\n<p>La nostra publicitat permet que el p\u00fablic conegui el teu producte i quan aquest sigui amigable anir\u00e0 construint una relaci\u00f3 de confian\u00e7a. Aquesta no es guanya d&#8217;un dia per l&#8217;altre, necessita temps i freq\u00fc\u00e8ncia d&#8217;impactes l&#8217;aconseguir aquests valors en la ment dels teus clients.[\/vc_column_text][\/vc_column][\/vc_row]<\/p>\n","protected":false},"excerpt":{"rendered":"<p>[vc_row padding_top=&#8221;80&#8243; padding_bottom=&#8221;30&#8243;][vc_column][wt_section_headings]<\/p>\n<p>El nostre blog<br \/>\nAquestes s\u00f3n les nostres \u00faltimes not\u00edcies<\/p>\n<p>[\/wt_section_headings][wt_spacer height=&#8221;35&#8243;][wt_blog_grid count=&#8221;3&#8243; excerpt_length=&#8221;20&#8243;][\/vc_column][\/vc_row][vc_row center_row=&#8221;yes&#8221; bg_type=&#8221;parallax&#8221; bck_image=&#8221;1015&#8243; padding_top=&#8221;80&#8243; padding_bottom=&#8221;80&#8243; el_id=&#8221;promo_line&#8221;][vc_column][vc_column_text css_animation=&#8221;fadeIn&#8221;]<\/p>\n<p>VOLS QUE ET VEGIN CADA DIA?<\/p>\n<p>Crea un moment &#8220;revelador&#8221; i descobreix amb Publikment per qu\u00e8 la paraula &#8220;nou&#8221; s&#8217;utilitza tan sovint en publicitat.[\/vc_column_text][\/vc_column][\/vc_row][vc_row][vc_column][wt_spacer height=&#8221;52&#8243;][wt_section_headings]<\/p>\n<p>Fes que la teva publicitat es mogui amb nosaltres<br \/>\nPublikment t&#8217;ajuda a posar-la en moviment<\/p>\n<p>[\/wt_section_headings][wt_spacer height=&#8221;46&#8243;][\/vc_column][\/vc_row][vc_row][vc_column width=&#8221;1\/6&#8243;][\/vc_column][vc_column width=&#8221;2\/3&#8243;][wt_timeline title=&#8221;Selecciona&#8221; date=&#8221;Comencem &#8230;?&#8221;]Selecciona el mitj\u00e0 de comunicaci\u00f3 adequat[\/wt_timeline][wt_timeline alignment=&#8221;right&#8221; title=&#8221;Sigues original&#8221;]Pensa m\u00e9s enll\u00e0 dels tradicionals mitjans publicitaris[\/wt_timeline][wt_timeline title=&#8221;Pregunta&#8217;t&#8221;]On es troba el teu audi\u00e8ncia?[\/wt_timeline][wt_timeline alignment=&#8221;right&#8221; title=&#8221;Millora les teves probabilitats&#8221;]Obt\u00e9 millors probabilitats d&#8217;aconseguir els teus objectius[\/wt_timeline][wt_timeline title=&#8221;L&#8217;elecci\u00f3 del mitj\u00e0 publicitari \u00e9s el factor [&#8230;] <a class=\"wt_read_more\" href=\"https:\/\/www.publikment.com\/ca\/blog\/\" title=\"Read more\" rel=\"bookmark\">Read more<i class=\"fa-angle-double-right\"><\/i><\/a><\/p>\n","protected":false},"author":1,"featured_media":0,"parent":0,"menu_order":0,"comment_status":"open","ping_status":"closed","template":"","meta":{"footnotes":""},"class_list":["post-1284","page","type-page","status-publish","hentry"],"yoast_head":"<!-- This site is optimized with the Yoast SEO plugin v25.6 - https:\/\/yoast.com\/wordpress\/plugins\/seo\/ -->\n<title>Blog - Publikment<\/title>\n<meta name=\"robots\" content=\"index, follow, max-snippet:-1, max-image-preview:large, max-video-preview:-1\" \/>\n<link rel=\"canonical\" href=\"https:\/\/www.publikment.com\/blog\/\" \/>\n<meta property=\"og:locale\" content=\"ca_ES\" \/>\n<meta property=\"og:type\" content=\"article\" \/>\n<meta property=\"og:title\" content=\"Blog - Publikment\" \/>\n<meta property=\"og:description\" content=\"[vc_row padding_top=&#8221;80&#8243; padding_bottom=&#8221;30&#8243;][vc_column][wt_section_headings] El nostre blog Aquestes s\u00f3n les nostres \u00faltimes not\u00edcies [\/wt_section_headings][wt_spacer height=&#8221;35&#8243;][wt_blog_grid count=&#8221;3&#8243; excerpt_length=&#8221;20&#8243;][\/vc_column][\/vc_row][vc_row center_row=&#8221;yes&#8221; bg_type=&#8221;parallax&#8221; bck_image=&#8221;1015&#8243; padding_top=&#8221;80&#8243; padding_bottom=&#8221;80&#8243; el_id=&#8221;promo_line&#8221;][vc_column][vc_column_text css_animation=&#8221;fadeIn&#8221;] VOLS QUE ET VEGIN CADA DIA? Crea un moment &#8220;revelador&#8221; i descobreix amb Publikment per qu\u00e8 la paraula &#8220;nou&#8221; s&#8217;utilitza tan sovint en publicitat.[\/vc_column_text][\/vc_column][\/vc_row][vc_row][vc_column][wt_spacer height=&#8221;52&#8243;][wt_section_headings] Fes que la teva publicitat es mogui amb nosaltres Publikment t&#8217;ajuda a posar-la en moviment [\/wt_section_headings][wt_spacer height=&#8221;46&#8243;][\/vc_column][\/vc_row][vc_row][vc_column width=&#8221;1\/6&#8243;][\/vc_column][vc_column width=&#8221;2\/3&#8243;][wt_timeline title=&#8221;Selecciona&#8221; date=&#8221;Comencem &#8230;?&#8221;]Selecciona el mitj\u00e0 de comunicaci\u00f3 adequat[\/wt_timeline][wt_timeline alignment=&#8221;right&#8221; title=&#8221;Sigues original&#8221;]Pensa m\u00e9s enll\u00e0 dels tradicionals mitjans publicitaris[\/wt_timeline][wt_timeline title=&#8221;Pregunta&#8217;t&#8221;]On es troba el teu audi\u00e8ncia?[\/wt_timeline][wt_timeline alignment=&#8221;right&#8221; title=&#8221;Millora les teves probabilitats&#8221;]Obt\u00e9 millors probabilitats d&#8217;aconseguir els teus objectius[\/wt_timeline][wt_timeline title=&#8221;L&#8217;elecci\u00f3 del mitj\u00e0 publicitari \u00e9s el factor [...] Read more\" \/>\n<meta property=\"og:url\" content=\"https:\/\/www.publikment.com\/blog\/\" \/>\n<meta property=\"og:site_name\" content=\"Publikment\" \/>\n<meta property=\"article:modified_time\" content=\"2018-09-04T12:22:01+00:00\" \/>\n<meta name=\"twitter:card\" content=\"summary_large_image\" \/>\n<meta name=\"twitter:label1\" content=\"Temps estimat de lectura\" \/>\n\t<meta name=\"twitter:data1\" content=\"2 minuts\" \/>\n<script type=\"application\/ld+json\" class=\"yoast-schema-graph\">{\"@context\":\"https:\/\/schema.org\",\"@graph\":[{\"@type\":\"WebPage\",\"@id\":\"https:\/\/www.publikment.com\/blog\/\",\"url\":\"https:\/\/www.publikment.com\/blog\/\",\"name\":\"Blog - Publikment\",\"isPartOf\":{\"@id\":\"https:\/\/www.publikment.com\/#website\"},\"datePublished\":\"2014-12-09T20:09:51+00:00\",\"dateModified\":\"2018-09-04T12:22:01+00:00\",\"breadcrumb\":{\"@id\":\"https:\/\/www.publikment.com\/blog\/#breadcrumb\"},\"inLanguage\":\"ca\",\"potentialAction\":[{\"@type\":\"ReadAction\",\"target\":[\"https:\/\/www.publikment.com\/blog\/\"]}]},{\"@type\":\"BreadcrumbList\",\"@id\":\"https:\/\/www.publikment.com\/blog\/#breadcrumb\",\"itemListElement\":[{\"@type\":\"ListItem\",\"position\":1,\"name\":\"Portada\",\"item\":\"https:\/\/www.publikment.com\/\"},{\"@type\":\"ListItem\",\"position\":2,\"name\":\"Blog\"}]},{\"@type\":\"WebSite\",\"@id\":\"https:\/\/www.publikment.com\/#website\",\"url\":\"https:\/\/www.publikment.com\/\",\"name\":\"Publikment\",\"description\":\"Publicidad en movimiento\",\"publisher\":{\"@id\":\"https:\/\/www.publikment.com\/#organization\"},\"potentialAction\":[{\"@type\":\"SearchAction\",\"target\":{\"@type\":\"EntryPoint\",\"urlTemplate\":\"https:\/\/www.publikment.com\/?s={search_term_string}\"},\"query-input\":{\"@type\":\"PropertyValueSpecification\",\"valueRequired\":true,\"valueName\":\"search_term_string\"}}],\"inLanguage\":\"ca\"},{\"@type\":\"Organization\",\"@id\":\"https:\/\/www.publikment.com\/#organization\",\"name\":\"Publikment\",\"url\":\"https:\/\/www.publikment.com\/\",\"logo\":{\"@type\":\"ImageObject\",\"inLanguage\":\"ca\",\"@id\":\"https:\/\/www.publikment.com\/#\/schema\/logo\/image\/\",\"url\":\"https:\/\/www.publikment.com\/wp-content\/uploads\/2016\/09\/logo_Publikment.png\",\"contentUrl\":\"https:\/\/www.publikment.com\/wp-content\/uploads\/2016\/09\/logo_Publikment.png\",\"width\":700,\"height\":173,\"caption\":\"Publikment\"},\"image\":{\"@id\":\"https:\/\/www.publikment.com\/#\/schema\/logo\/image\/\"}}]}<\/script>\n<!-- \/ Yoast SEO plugin. -->","yoast_head_json":{"title":"Blog - Publikment","robots":{"index":"index","follow":"follow","max-snippet":"max-snippet:-1","max-image-preview":"max-image-preview:large","max-video-preview":"max-video-preview:-1"},"canonical":"https:\/\/www.publikment.com\/blog\/","og_locale":"ca_ES","og_type":"article","og_title":"Blog - Publikment","og_description":"[vc_row padding_top=&#8221;80&#8243; padding_bottom=&#8221;30&#8243;][vc_column][wt_section_headings] El nostre blog Aquestes s\u00f3n les nostres \u00faltimes not\u00edcies [\/wt_section_headings][wt_spacer height=&#8221;35&#8243;][wt_blog_grid count=&#8221;3&#8243; excerpt_length=&#8221;20&#8243;][\/vc_column][\/vc_row][vc_row center_row=&#8221;yes&#8221; bg_type=&#8221;parallax&#8221; bck_image=&#8221;1015&#8243; padding_top=&#8221;80&#8243; padding_bottom=&#8221;80&#8243; el_id=&#8221;promo_line&#8221;][vc_column][vc_column_text css_animation=&#8221;fadeIn&#8221;] VOLS QUE ET VEGIN CADA DIA? Crea un moment &#8220;revelador&#8221; i descobreix amb Publikment per qu\u00e8 la paraula &#8220;nou&#8221; s&#8217;utilitza tan sovint en publicitat.[\/vc_column_text][\/vc_column][\/vc_row][vc_row][vc_column][wt_spacer height=&#8221;52&#8243;][wt_section_headings] Fes que la teva publicitat es mogui amb nosaltres Publikment t&#8217;ajuda a posar-la en moviment [\/wt_section_headings][wt_spacer height=&#8221;46&#8243;][\/vc_column][\/vc_row][vc_row][vc_column width=&#8221;1\/6&#8243;][\/vc_column][vc_column width=&#8221;2\/3&#8243;][wt_timeline title=&#8221;Selecciona&#8221; date=&#8221;Comencem &#8230;?&#8221;]Selecciona el mitj\u00e0 de comunicaci\u00f3 adequat[\/wt_timeline][wt_timeline alignment=&#8221;right&#8221; title=&#8221;Sigues original&#8221;]Pensa m\u00e9s enll\u00e0 dels tradicionals mitjans publicitaris[\/wt_timeline][wt_timeline title=&#8221;Pregunta&#8217;t&#8221;]On es troba el teu audi\u00e8ncia?[\/wt_timeline][wt_timeline alignment=&#8221;right&#8221; title=&#8221;Millora les teves probabilitats&#8221;]Obt\u00e9 millors probabilitats d&#8217;aconseguir els teus objectius[\/wt_timeline][wt_timeline title=&#8221;L&#8217;elecci\u00f3 del mitj\u00e0 publicitari \u00e9s el factor [...] Read more","og_url":"https:\/\/www.publikment.com\/blog\/","og_site_name":"Publikment","article_modified_time":"2018-09-04T12:22:01+00:00","twitter_card":"summary_large_image","twitter_misc":{"Temps estimat de lectura":"2 minuts"},"schema":{"@context":"https:\/\/schema.org","@graph":[{"@type":"WebPage","@id":"https:\/\/www.publikment.com\/blog\/","url":"https:\/\/www.publikment.com\/blog\/","name":"Blog - Publikment","isPartOf":{"@id":"https:\/\/www.publikment.com\/#website"},"datePublished":"2014-12-09T20:09:51+00:00","dateModified":"2018-09-04T12:22:01+00:00","breadcrumb":{"@id":"https:\/\/www.publikment.com\/blog\/#breadcrumb"},"inLanguage":"ca","potentialAction":[{"@type":"ReadAction","target":["https:\/\/www.publikment.com\/blog\/"]}]},{"@type":"BreadcrumbList","@id":"https:\/\/www.publikment.com\/blog\/#breadcrumb","itemListElement":[{"@type":"ListItem","position":1,"name":"Portada","item":"https:\/\/www.publikment.com\/"},{"@type":"ListItem","position":2,"name":"Blog"}]},{"@type":"WebSite","@id":"https:\/\/www.publikment.com\/#website","url":"https:\/\/www.publikment.com\/","name":"Publikment","description":"Publicidad en movimiento","publisher":{"@id":"https:\/\/www.publikment.com\/#organization"},"potentialAction":[{"@type":"SearchAction","target":{"@type":"EntryPoint","urlTemplate":"https:\/\/www.publikment.com\/?s={search_term_string}"},"query-input":{"@type":"PropertyValueSpecification","valueRequired":true,"valueName":"search_term_string"}}],"inLanguage":"ca"},{"@type":"Organization","@id":"https:\/\/www.publikment.com\/#organization","name":"Publikment","url":"https:\/\/www.publikment.com\/","logo":{"@type":"ImageObject","inLanguage":"ca","@id":"https:\/\/www.publikment.com\/#\/schema\/logo\/image\/","url":"https:\/\/www.publikment.com\/wp-content\/uploads\/2016\/09\/logo_Publikment.png","contentUrl":"https:\/\/www.publikment.com\/wp-content\/uploads\/2016\/09\/logo_Publikment.png","width":700,"height":173,"caption":"Publikment"},"image":{"@id":"https:\/\/www.publikment.com\/#\/schema\/logo\/image\/"}}]}},"_links":{"self":[{"href":"https:\/\/www.publikment.com\/ca\/wp-json\/wp\/v2\/pages\/1284","targetHints":{"allow":["GET"]}}],"collection":[{"href":"https:\/\/www.publikment.com\/ca\/wp-json\/wp\/v2\/pages"}],"about":[{"href":"https:\/\/www.publikment.com\/ca\/wp-json\/wp\/v2\/types\/page"}],"author":[{"embeddable":true,"href":"https:\/\/www.publikment.com\/ca\/wp-json\/wp\/v2\/users\/1"}],"replies":[{"embeddable":true,"href":"https:\/\/www.publikment.com\/ca\/wp-json\/wp\/v2\/comments?post=1284"}],"version-history":[{"count":4,"href":"https:\/\/www.publikment.com\/ca\/wp-json\/wp\/v2\/pages\/1284\/revisions"}],"predecessor-version":[{"id":1401,"href":"https:\/\/www.publikment.com\/ca\/wp-json\/wp\/v2\/pages\/1284\/revisions\/1401"}],"wp:attachment":[{"href":"https:\/\/www.publikment.com\/ca\/wp-json\/wp\/v2\/media?parent=1284"}],"curies":[{"name":"wp","href":"https:\/\/api.w.org\/{rel}","templated":true}]}}