{"id":1282,"date":"2017-03-27T17:38:09","date_gmt":"2017-03-27T17:38:09","guid":{"rendered":"http:\/\/www.publikment.com\/?page_id=1282"},"modified":"2018-09-04T12:05:04","modified_gmt":"2018-09-04T12:05:04","slug":"dades-globals","status":"publish","type":"page","link":"https:\/\/www.publikment.com\/ca\/dades-globals\/","title":{"rendered":"Dades globals"},"content":{"rendered":"<p>[vc_row center_row=&#8221;yes&#8221; typography=&#8221;light&#8221; bg_type=&#8221;parallax&#8221; bck_image=&#8221;977&#8243; padding_top=&#8221;80&#8243; padding_bottom=&#8221;40&#8243;][vc_column][wt_section_headings]<\/p>\n<h3>Publikment li ofereix<\/h3>\n<p>[\/wt_section_headings][wt_spacer height=&#8221;35&#8243;][vc_row_inner el_class=&#8221;wt_services_right_space wt_features&#8221;][vc_column_inner el_class=&#8221;col-md-6&#8243; width=&#8221;1\/2&#8243;][wt_service_box icon_size=&#8221;60&#8243; empty_space=&#8221;yes&#8221; css_animation=&#8221;fadeInLeft&#8221; anim_type=&#8221;wt_animate_if_almost_visible&#8221; icon=&#8221;fa-comments&#8221; title=&#8221;Coneixement&#8221; icon_color=&#8221;#fec32d&#8221;]Qui no el coneix i el necessita, ara sabr\u00e0 que existeix.[\/wt_service_box][wt_service_box icon_size=&#8221;60&#8243; empty_space=&#8221;yes&#8221; css_animation=&#8221;fadeInLeft&#8221; anim_type=&#8221;wt_animate_if_almost_visible&#8221; icon=&#8221;fa-hand-pointer-o&#8221; title=&#8221;Posicionament&#8221; icon_color=&#8221;#fec32d&#8221;]Generar\u00e0 una posici\u00f3 en el mercat i una imatge per als seus clients de en qu\u00e8 consisteix la seva empresa o producte[\/wt_service_box][\/vc_column_inner][vc_column_inner el_class=&#8221;col-md-6&#8243; width=&#8221;1\/2&#8243;][wt_service_box icon_size=&#8221;60&#8243; empty_space=&#8221;yes&#8221; css_animation=&#8221;fadeInRight&#8221; anim_type=&#8221;wt_animate_if_almost_visible&#8221; icon=&#8221;fa-eye&#8221; title=&#8221;M\u00e0xima atenci\u00f3&#8221; icon_color=&#8221;#fec32d&#8221;]L&#8217;impacte, la freq\u00fc\u00e8ncia i el temps d&#8217;exposici\u00f3 unit a l&#8217;entorn en qu\u00e8 es troba garanteixen l&#8217;efectivitat del seu anunci.[\/wt_service_box][wt_service_box icon_size=&#8221;60&#8243; empty_space=&#8221;yes&#8221; css_animation=&#8221;fadeInRight&#8221; anim_type=&#8221;wt_animate_if_almost_visible&#8221; icon=&#8221;fa-heart-o&#8221; title=&#8221;Confianza&#8221; icon_color=&#8221;#fec32d&#8221;]La frecuencia de exposiciones y el entorno en el que se encuentra genera familiaridad, la familiaridad genera confianza y la confianza genera ventas.[\/wt_service_box][\/vc_column_inner][\/vc_row_inner][\/vc_column][\/vc_row][vc_row center_row=&#8221;yes&#8221; typography=&#8221;light&#8221; bg_type=&#8221;parallax&#8221; bck_image=&#8221;979&#8243; padding_top=&#8221;80&#8243; padding_bottom=&#8221;80&#8243; el_id=&#8221;statistic-holder&#8221;][vc_column][wt_section_headings]<\/p>\n<h2>Dades globals<\/h2>\n<h3 class=\"h2\">Estem a Barcelona, Tarragona i\u00a0Lleida<\/h3>\n<p>[\/wt_section_headings][wt_spacer height=&#8221;30&#8243;][vc_row_inner][vc_column_inner el_class=&#8221;col-md-3 col-xs-3&#8243; width=&#8221;1\/4&#8243;][wt_counter type=&#8221;light&#8221; counter_number=&#8221;110&#8243; counter_text=&#8221;Espais publicitaris d&#8217;alta rotaci\u00f3&#8221;][\/vc_column_inner][vc_column_inner el_class=&#8221;col-md-3 col-xs-3&#8243; width=&#8221;1\/4&#8243;][wt_counter type=&#8221;light&#8221; counter_number=&#8221;18&#8243; counter_text=&#8221;Localitats&#8221;][\/vc_column_inner][vc_column_inner el_class=&#8221;col-md-3 col-xs-3&#8243; width=&#8221;1\/4&#8243;][wt_counter type=&#8221;light&#8221; counter_number=&#8221;256&#8243; counter_text=&#8221;Empreses que confien en nosaltres&#8221;][\/vc_column_inner][vc_column_inner el_class=&#8221;col-md-3 col-xs-3&#8243; width=&#8221;1\/4&#8243;][wt_counter type=&#8221;light&#8221; counter_number=&#8221;+125000&#8243; counter_text=&#8221;Impactes diaris&#8221;][\/vc_column_inner][\/vc_row_inner][\/vc_column][\/vc_row]<\/p>\n","protected":false},"excerpt":{"rendered":"<p>[vc_row center_row=&#8221;yes&#8221; typography=&#8221;light&#8221; bg_type=&#8221;parallax&#8221; bck_image=&#8221;977&#8243; padding_top=&#8221;80&#8243; padding_bottom=&#8221;40&#8243;][vc_column][wt_section_headings]<\/p>\n<p>Publikment li ofereix<\/p>\n<p>[\/wt_section_headings][wt_spacer height=&#8221;35&#8243;][vc_row_inner el_class=&#8221;wt_services_right_space wt_features&#8221;][vc_column_inner el_class=&#8221;col-md-6&#8243; width=&#8221;1\/2&#8243;][wt_service_box icon_size=&#8221;60&#8243; empty_space=&#8221;yes&#8221; css_animation=&#8221;fadeInLeft&#8221; anim_type=&#8221;wt_animate_if_almost_visible&#8221; icon=&#8221;fa-comments&#8221; title=&#8221;Coneixement&#8221; icon_color=&#8221;#fec32d&#8221;]Qui no el coneix i el necessita, ara sabr\u00e0 que existeix.[\/wt_service_box][wt_service_box icon_size=&#8221;60&#8243; empty_space=&#8221;yes&#8221; css_animation=&#8221;fadeInLeft&#8221; anim_type=&#8221;wt_animate_if_almost_visible&#8221; icon=&#8221;fa-hand-pointer-o&#8221; title=&#8221;Posicionament&#8221; icon_color=&#8221;#fec32d&#8221;]Generar\u00e0 una posici\u00f3 en el mercat i una imatge per als seus clients de en qu\u00e8 consisteix la seva empresa o producte[\/wt_service_box][\/vc_column_inner][vc_column_inner el_class=&#8221;col-md-6&#8243; width=&#8221;1\/2&#8243;][wt_service_box icon_size=&#8221;60&#8243; empty_space=&#8221;yes&#8221; css_animation=&#8221;fadeInRight&#8221; anim_type=&#8221;wt_animate_if_almost_visible&#8221; icon=&#8221;fa-eye&#8221; title=&#8221;M\u00e0xima atenci\u00f3&#8221; icon_color=&#8221;#fec32d&#8221;]L&#8217;impacte, la freq\u00fc\u00e8ncia i el temps d&#8217;exposici\u00f3 unit a l&#8217;entorn en qu\u00e8 es troba garanteixen l&#8217;efectivitat del seu anunci.[\/wt_service_box][wt_service_box icon_size=&#8221;60&#8243; empty_space=&#8221;yes&#8221; css_animation=&#8221;fadeInRight&#8221; anim_type=&#8221;wt_animate_if_almost_visible&#8221; icon=&#8221;fa-heart-o&#8221; title=&#8221;Confianza&#8221; icon_color=&#8221;#fec32d&#8221;]La frecuencia de exposiciones y el entorno [&#8230;] <a class=\"wt_read_more\" href=\"https:\/\/www.publikment.com\/ca\/dades-globals\/\" title=\"Read more\" rel=\"bookmark\">Read more<i class=\"fa-angle-double-right\"><\/i><\/a><\/p>\n","protected":false},"author":1,"featured_media":0,"parent":0,"menu_order":0,"comment_status":"open","ping_status":"closed","template":"","meta":{"footnotes":""},"class_list":["post-1282","page","type-page","status-publish","hentry"],"yoast_head":"<!-- This site is optimized with the Yoast SEO plugin v25.6 - https:\/\/yoast.com\/wordpress\/plugins\/seo\/ -->\n<title>Dades globals - Publikment<\/title>\n<meta name=\"robots\" content=\"index, follow, max-snippet:-1, max-image-preview:large, max-video-preview:-1\" \/>\n<link rel=\"canonical\" href=\"https:\/\/www.publikment.com\/datos-globales\/\" \/>\n<meta property=\"og:locale\" content=\"ca_ES\" \/>\n<meta property=\"og:type\" content=\"article\" \/>\n<meta property=\"og:title\" content=\"Dades globals - Publikment\" \/>\n<meta property=\"og:description\" content=\"[vc_row center_row=&#8221;yes&#8221; typography=&#8221;light&#8221; bg_type=&#8221;parallax&#8221; bck_image=&#8221;977&#8243; padding_top=&#8221;80&#8243; padding_bottom=&#8221;40&#8243;][vc_column][wt_section_headings] Publikment li ofereix [\/wt_section_headings][wt_spacer height=&#8221;35&#8243;][vc_row_inner el_class=&#8221;wt_services_right_space wt_features&#8221;][vc_column_inner el_class=&#8221;col-md-6&#8243; width=&#8221;1\/2&#8243;][wt_service_box icon_size=&#8221;60&#8243; empty_space=&#8221;yes&#8221; css_animation=&#8221;fadeInLeft&#8221; anim_type=&#8221;wt_animate_if_almost_visible&#8221; icon=&#8221;fa-comments&#8221; title=&#8221;Coneixement&#8221; icon_color=&#8221;#fec32d&#8221;]Qui no el coneix i el necessita, ara sabr\u00e0 que existeix.[\/wt_service_box][wt_service_box icon_size=&#8221;60&#8243; empty_space=&#8221;yes&#8221; css_animation=&#8221;fadeInLeft&#8221; anim_type=&#8221;wt_animate_if_almost_visible&#8221; icon=&#8221;fa-hand-pointer-o&#8221; title=&#8221;Posicionament&#8221; icon_color=&#8221;#fec32d&#8221;]Generar\u00e0 una posici\u00f3 en el mercat i una imatge per als seus clients de en qu\u00e8 consisteix la seva empresa o producte[\/wt_service_box][\/vc_column_inner][vc_column_inner el_class=&#8221;col-md-6&#8243; width=&#8221;1\/2&#8243;][wt_service_box icon_size=&#8221;60&#8243; empty_space=&#8221;yes&#8221; css_animation=&#8221;fadeInRight&#8221; anim_type=&#8221;wt_animate_if_almost_visible&#8221; icon=&#8221;fa-eye&#8221; title=&#8221;M\u00e0xima atenci\u00f3&#8221; icon_color=&#8221;#fec32d&#8221;]L&#8217;impacte, la freq\u00fc\u00e8ncia i el temps d&#8217;exposici\u00f3 unit a l&#8217;entorn en qu\u00e8 es troba garanteixen l&#8217;efectivitat del seu anunci.[\/wt_service_box][wt_service_box icon_size=&#8221;60&#8243; empty_space=&#8221;yes&#8221; css_animation=&#8221;fadeInRight&#8221; anim_type=&#8221;wt_animate_if_almost_visible&#8221; icon=&#8221;fa-heart-o&#8221; title=&#8221;Confianza&#8221; icon_color=&#8221;#fec32d&#8221;]La frecuencia de exposiciones y el entorno [...] Read more\" \/>\n<meta property=\"og:url\" content=\"https:\/\/www.publikment.com\/datos-globales\/\" \/>\n<meta property=\"og:site_name\" content=\"Publikment\" \/>\n<meta property=\"article:modified_time\" content=\"2018-09-04T12:05:04+00:00\" \/>\n<meta name=\"twitter:card\" content=\"summary_large_image\" \/>\n<meta name=\"twitter:label1\" content=\"Temps estimat de lectura\" \/>\n\t<meta name=\"twitter:data1\" content=\"2 minuts\" \/>\n<script type=\"application\/ld+json\" class=\"yoast-schema-graph\">{\"@context\":\"https:\/\/schema.org\",\"@graph\":[{\"@type\":\"WebPage\",\"@id\":\"https:\/\/www.publikment.com\/datos-globales\/\",\"url\":\"https:\/\/www.publikment.com\/datos-globales\/\",\"name\":\"Dades globals - Publikment\",\"isPartOf\":{\"@id\":\"https:\/\/www.publikment.com\/#website\"},\"datePublished\":\"2017-03-27T17:38:09+00:00\",\"dateModified\":\"2018-09-04T12:05:04+00:00\",\"breadcrumb\":{\"@id\":\"https:\/\/www.publikment.com\/datos-globales\/#breadcrumb\"},\"inLanguage\":\"ca\",\"potentialAction\":[{\"@type\":\"ReadAction\",\"target\":[\"https:\/\/www.publikment.com\/datos-globales\/\"]}]},{\"@type\":\"BreadcrumbList\",\"@id\":\"https:\/\/www.publikment.com\/datos-globales\/#breadcrumb\",\"itemListElement\":[{\"@type\":\"ListItem\",\"position\":1,\"name\":\"Portada\",\"item\":\"https:\/\/www.publikment.com\/\"},{\"@type\":\"ListItem\",\"position\":2,\"name\":\"Dades globals\"}]},{\"@type\":\"WebSite\",\"@id\":\"https:\/\/www.publikment.com\/#website\",\"url\":\"https:\/\/www.publikment.com\/\",\"name\":\"Publikment\",\"description\":\"Publicidad en movimiento\",\"publisher\":{\"@id\":\"https:\/\/www.publikment.com\/#organization\"},\"potentialAction\":[{\"@type\":\"SearchAction\",\"target\":{\"@type\":\"EntryPoint\",\"urlTemplate\":\"https:\/\/www.publikment.com\/?s={search_term_string}\"},\"query-input\":{\"@type\":\"PropertyValueSpecification\",\"valueRequired\":true,\"valueName\":\"search_term_string\"}}],\"inLanguage\":\"ca\"},{\"@type\":\"Organization\",\"@id\":\"https:\/\/www.publikment.com\/#organization\",\"name\":\"Publikment\",\"url\":\"https:\/\/www.publikment.com\/\",\"logo\":{\"@type\":\"ImageObject\",\"inLanguage\":\"ca\",\"@id\":\"https:\/\/www.publikment.com\/#\/schema\/logo\/image\/\",\"url\":\"https:\/\/www.publikment.com\/wp-content\/uploads\/2016\/09\/logo_Publikment.png\",\"contentUrl\":\"https:\/\/www.publikment.com\/wp-content\/uploads\/2016\/09\/logo_Publikment.png\",\"width\":700,\"height\":173,\"caption\":\"Publikment\"},\"image\":{\"@id\":\"https:\/\/www.publikment.com\/#\/schema\/logo\/image\/\"}}]}<\/script>\n<!-- \/ Yoast SEO plugin. -->","yoast_head_json":{"title":"Dades globals - Publikment","robots":{"index":"index","follow":"follow","max-snippet":"max-snippet:-1","max-image-preview":"max-image-preview:large","max-video-preview":"max-video-preview:-1"},"canonical":"https:\/\/www.publikment.com\/datos-globales\/","og_locale":"ca_ES","og_type":"article","og_title":"Dades globals - Publikment","og_description":"[vc_row center_row=&#8221;yes&#8221; typography=&#8221;light&#8221; bg_type=&#8221;parallax&#8221; bck_image=&#8221;977&#8243; padding_top=&#8221;80&#8243; padding_bottom=&#8221;40&#8243;][vc_column][wt_section_headings] Publikment li ofereix [\/wt_section_headings][wt_spacer height=&#8221;35&#8243;][vc_row_inner el_class=&#8221;wt_services_right_space wt_features&#8221;][vc_column_inner el_class=&#8221;col-md-6&#8243; width=&#8221;1\/2&#8243;][wt_service_box icon_size=&#8221;60&#8243; empty_space=&#8221;yes&#8221; css_animation=&#8221;fadeInLeft&#8221; anim_type=&#8221;wt_animate_if_almost_visible&#8221; icon=&#8221;fa-comments&#8221; title=&#8221;Coneixement&#8221; icon_color=&#8221;#fec32d&#8221;]Qui no el coneix i el necessita, ara sabr\u00e0 que existeix.[\/wt_service_box][wt_service_box icon_size=&#8221;60&#8243; empty_space=&#8221;yes&#8221; css_animation=&#8221;fadeInLeft&#8221; anim_type=&#8221;wt_animate_if_almost_visible&#8221; icon=&#8221;fa-hand-pointer-o&#8221; title=&#8221;Posicionament&#8221; icon_color=&#8221;#fec32d&#8221;]Generar\u00e0 una posici\u00f3 en el mercat i una imatge per als seus clients de en qu\u00e8 consisteix la seva empresa o producte[\/wt_service_box][\/vc_column_inner][vc_column_inner el_class=&#8221;col-md-6&#8243; width=&#8221;1\/2&#8243;][wt_service_box icon_size=&#8221;60&#8243; empty_space=&#8221;yes&#8221; css_animation=&#8221;fadeInRight&#8221; anim_type=&#8221;wt_animate_if_almost_visible&#8221; icon=&#8221;fa-eye&#8221; title=&#8221;M\u00e0xima atenci\u00f3&#8221; icon_color=&#8221;#fec32d&#8221;]L&#8217;impacte, la freq\u00fc\u00e8ncia i el temps d&#8217;exposici\u00f3 unit a l&#8217;entorn en qu\u00e8 es troba garanteixen l&#8217;efectivitat del seu anunci.[\/wt_service_box][wt_service_box icon_size=&#8221;60&#8243; empty_space=&#8221;yes&#8221; css_animation=&#8221;fadeInRight&#8221; anim_type=&#8221;wt_animate_if_almost_visible&#8221; icon=&#8221;fa-heart-o&#8221; title=&#8221;Confianza&#8221; icon_color=&#8221;#fec32d&#8221;]La frecuencia de exposiciones y el entorno [...] Read more","og_url":"https:\/\/www.publikment.com\/datos-globales\/","og_site_name":"Publikment","article_modified_time":"2018-09-04T12:05:04+00:00","twitter_card":"summary_large_image","twitter_misc":{"Temps estimat de lectura":"2 minuts"},"schema":{"@context":"https:\/\/schema.org","@graph":[{"@type":"WebPage","@id":"https:\/\/www.publikment.com\/datos-globales\/","url":"https:\/\/www.publikment.com\/datos-globales\/","name":"Dades globals - Publikment","isPartOf":{"@id":"https:\/\/www.publikment.com\/#website"},"datePublished":"2017-03-27T17:38:09+00:00","dateModified":"2018-09-04T12:05:04+00:00","breadcrumb":{"@id":"https:\/\/www.publikment.com\/datos-globales\/#breadcrumb"},"inLanguage":"ca","potentialAction":[{"@type":"ReadAction","target":["https:\/\/www.publikment.com\/datos-globales\/"]}]},{"@type":"BreadcrumbList","@id":"https:\/\/www.publikment.com\/datos-globales\/#breadcrumb","itemListElement":[{"@type":"ListItem","position":1,"name":"Portada","item":"https:\/\/www.publikment.com\/"},{"@type":"ListItem","position":2,"name":"Dades globals"}]},{"@type":"WebSite","@id":"https:\/\/www.publikment.com\/#website","url":"https:\/\/www.publikment.com\/","name":"Publikment","description":"Publicidad en movimiento","publisher":{"@id":"https:\/\/www.publikment.com\/#organization"},"potentialAction":[{"@type":"SearchAction","target":{"@type":"EntryPoint","urlTemplate":"https:\/\/www.publikment.com\/?s={search_term_string}"},"query-input":{"@type":"PropertyValueSpecification","valueRequired":true,"valueName":"search_term_string"}}],"inLanguage":"ca"},{"@type":"Organization","@id":"https:\/\/www.publikment.com\/#organization","name":"Publikment","url":"https:\/\/www.publikment.com\/","logo":{"@type":"ImageObject","inLanguage":"ca","@id":"https:\/\/www.publikment.com\/#\/schema\/logo\/image\/","url":"https:\/\/www.publikment.com\/wp-content\/uploads\/2016\/09\/logo_Publikment.png","contentUrl":"https:\/\/www.publikment.com\/wp-content\/uploads\/2016\/09\/logo_Publikment.png","width":700,"height":173,"caption":"Publikment"},"image":{"@id":"https:\/\/www.publikment.com\/#\/schema\/logo\/image\/"}}]}},"_links":{"self":[{"href":"https:\/\/www.publikment.com\/ca\/wp-json\/wp\/v2\/pages\/1282","targetHints":{"allow":["GET"]}}],"collection":[{"href":"https:\/\/www.publikment.com\/ca\/wp-json\/wp\/v2\/pages"}],"about":[{"href":"https:\/\/www.publikment.com\/ca\/wp-json\/wp\/v2\/types\/page"}],"author":[{"embeddable":true,"href":"https:\/\/www.publikment.com\/ca\/wp-json\/wp\/v2\/users\/1"}],"replies":[{"embeddable":true,"href":"https:\/\/www.publikment.com\/ca\/wp-json\/wp\/v2\/comments?post=1282"}],"version-history":[{"count":5,"href":"https:\/\/www.publikment.com\/ca\/wp-json\/wp\/v2\/pages\/1282\/revisions"}],"predecessor-version":[{"id":1391,"href":"https:\/\/www.publikment.com\/ca\/wp-json\/wp\/v2\/pages\/1282\/revisions\/1391"}],"wp:attachment":[{"href":"https:\/\/www.publikment.com\/ca\/wp-json\/wp\/v2\/media?parent=1282"}],"curies":[{"name":"wp","href":"https:\/\/api.w.org\/{rel}","templated":true}]}}