{"id":1278,"date":"2014-12-09T20:07:32","date_gmt":"2014-12-09T20:07:32","guid":{"rendered":"http:\/\/www.publikment.com\/quienes-somos-2\/"},"modified":"2018-09-04T12:12:07","modified_gmt":"2018-09-04T12:12:07","slug":"qui-som","status":"publish","type":"page","link":"https:\/\/www.publikment.com\/ca\/qui-som\/","title":{"rendered":"Qui som"},"content":{"rendered":"<p>[vc_row center_row=&#8221;yes&#8221;][vc_column][wt_section_headings]<\/p>\n<h2>Qui som<\/h2>\n<h3 class=\"h2\">Sobre nosaltres<\/h3>\n<p>Som una empresa de gesti\u00f3 publicit\u00e0ria, creada per un grup d&#8217;emprenedors que apostem per l&#8217;efic\u00e0cia d&#8217;un innovador i original canal publicitari[\/wt_section_headings][\/vc_column][\/vc_row][vc_row center_row=&#8221;yes&#8221; border_color=&#8221;#eeeeee&#8221; border_width=&#8221;1px 0px 0px 0px&#8221; padding_top=&#8221;80&#8243; padding_bottom=&#8221;80&#8243; bck_color=&#8221;#f5f5f5&#8243;][vc_column css_animation=&#8221;fadeInLeft&#8221; anim_type=&#8221;wt_animate_if_almost_visible&#8221; el_class=&#8221;col-md-6&#8243; el_id=&#8221;accordion-holder&#8221; offset=&#8221;vc_col-lg-6&#8243; anim_delay=&#8221;100&#8243;][vc_single_image image=&#8221;1200&#8243; img_size=&#8221;full&#8221; alignment=&#8221;center&#8221;][\/vc_column][vc_column css_animation=&#8221;fadeInRight&#8221; el_class=&#8221;col-md-6&#8243; offset=&#8221;vc_col-lg-6&#8243; anim_delay=&#8221;100&#8243;][vc_tta_accordion active_section=&#8221;1&#8243; css_animation=&#8221;none&#8221;][vc_tta_section title=&#8221;Qui som?&#8221; tab_id=&#8221;1487965398803-aa04af67-c996&#8243;][vc_column_text]<strong>Publikment<\/strong> \u00e9s un grup de professionals amb \u00e0mplia experi\u00e8ncia en m\u00e0rqueting i en el sector de la publicitat. Ens dediquem a millorar la rendibilitat dels nostres clients augmentant les seves vendes i optimitzant la inversi\u00f3.[\/vc_column_text][\/vc_tta_section][vc_tta_section title=&#8221;Qu\u00e8 fem?&#8221; tab_id=&#8221;1487965398874-7b6521c2-bda7&#8243;][vc_column_text]<\/p>\n<h3 style=\"color: #868686;\">Fem que el seu anunci sigui visible, efica\u00e7 i atractiu<\/h3>\n<h4>Posem a la seva disposici\u00f3 dues opcions innovadores<\/h4>\n<p><strong>Primera opci\u00f3:<\/strong><br \/>\nCol\u00b7locaci\u00f3 d&#8217;un o diversos panells A3 en un marc d&#8217;alumini (segons dimensions, caracter\u00edstiques i possibilitats), aquest panell queda fixat en la superf\u00edcie sense necessitat de realitzar forats i sense necessitat de cargols.<\/p>\n<p><strong>Segona opci\u00f3:<\/strong><br \/>\nPodem col\u00b7locar un vinil autoadhesiu amb la seva imatge publicit\u00e0ria, aconseguint aix\u00ed un efecte espectacular, efectista i alhora impactant, a m\u00e9s de dotar-lo d&#8217;un aspecte renovat.[\/vc_column_text][\/vc_tta_section][vc_tta_section title=&#8221;On ho fem?&#8221; tab_id=&#8221;1487965487422-ee45fd37-7cb1&#8243;][vc_column_text]<\/p>\n<h3 style=\"color: #868686;\">Espais publicitaris d&#8217;alta rotaci\u00f3<\/h3>\n<p>Seleccionem els nostres espais entre els que reben m\u00e9s alta rotaci\u00f3 de p\u00fablic al dia: <strong>p\u00e0rquings p\u00fablics, centres hospitalaris, centres comercials, edificis d&#8217;oficines, institucions&#8230;<\/strong>[\/vc_column_text][\/vc_tta_section][vc_tta_section title=&#8221;Com ho fem?&#8221; tab_id=&#8221;1487965510649-dc779722-935e&#8221;][vc_column_text]<\/p>\n<h3 style=\"color: #868686;\">Gestionem l&#8217;espai publicitari<\/h3>\n<p><strong>Benefici\u00f3s per a l&#8217;anunciant<\/strong><br \/>\nEls oferim un espai immillorable en aquest mitj\u00e0 publicitari per oferir el seu producte\/servei al p\u00fablic que utilitza aquest mitj\u00e0 di\u00e0riament.<\/p>\n<p><strong>Benefici\u00f3s per al propietari<\/strong><br \/>\nEl propietari de l&#8217;espai publicitari obt\u00e9 un benefici econ\u00f2mic per la cessi\u00f3 d&#8217;aquest espai.[\/vc_column_text][\/vc_tta_section][\/vc_tta_accordion][\/vc_column][\/vc_row][vc_row center_row=&#8221;yes&#8221; typography=&#8221;light&#8221; bg_type=&#8221;parallax&#8221; bck_image=&#8221;973&#8243; padding_top=&#8221;80&#8243; padding_bottom=&#8221;20&#8243; el_id=&#8221;wt_pie_chart&#8221;][vc_column][wt_section_headings el_class=&#8221;wt_smaller_bar&#8221;]<\/p>\n<h3>Les nostres dades objectius<\/h3>\n<p>[\/wt_section_headings][vc_row_inner][vc_column_inner el_class=&#8221;col-sm-3 col-xs-6&#8243; width=&#8221;1\/2&#8243;][wt_pie_chart value=&#8221;42&#8243; units=&#8221;&#8220;&#8221; bar_color=&#8221;#fec32d&#8221; line_width=&#8221;15&#8243; title=&#8221;Temps mitj\u00e0 per impacte&#8221;][\/vc_column_inner][vc_column_inner el_class=&#8221;col-sm-3 col-xs-6&#8243; width=&#8221;1\/2&#8243;][wt_pie_chart value=&#8221;97&#8243; bar_color=&#8221;#fec32d&#8221; line_width=&#8221;8&#8243; title=&#8221;Impactes efectius&#8221;][\/vc_column_inner][vc_column_inner el_class=&#8221;col-sm-3 col-xs-6&#8243; width=&#8221;1\/2&#8243;][wt_pie_chart value=&#8221;84&#8243; bar_color=&#8221;#fec32d&#8221; line_width=&#8221;8&#8243; title=&#8221;Posicionament efectiu&#8221;][\/vc_column_inner][vc_column_inner el_class=&#8221;col-sm-3 col-xs-6&#8243; width=&#8221;1\/2&#8243;][wt_pie_chart value=&#8221;94&#8243; bar_color=&#8221;#fec32d&#8221; line_width=&#8221;8&#8243; title=&#8221;Confian\u00e7a a l&#8217;usuari&#8221;][\/vc_column_inner][\/vc_row_inner][\/vc_column][\/vc_row][vc_row center_row=&#8221;yes&#8221; padding_top=&#8221;80&#8243; padding_bottom=&#8221;80&#8243;][vc_column css_animation=&#8221;fadeInUp&#8221; anim_type=&#8221;wt_animate_if_almost_visible&#8221; anim_delay=&#8221;100&#8243;][vc_single_image image=&#8221;1069&#8243; img_size=&#8221;full&#8221; alignment=&#8221;center&#8221;][\/vc_column][\/vc_row][vc_row center_row=&#8221;yes&#8221; el_class=&#8221;wt_left_icon_services&#8221;][vc_column offset=&#8221;vc_col-lg-6&#8243;][wt_service_box icon_size=&#8221;60&#8243; content_new_row=&#8221;yes&#8221; css_animation=&#8221;fadeInUp&#8221; anim_type=&#8221;wt_animate_if_almost_visible&#8221; icon=&#8221;fa-check-circle&#8221; title=&#8221;Les nostres avantatges:&#8221; anim_delay=&#8221;100&#8243;]<\/p>\n<ul>\n<li>Defineix el teu propi <strong>grup objectiu.<\/strong><\/li>\n<li>Diferencia&#8217;t de la resta, crea <strong>campanyes espec\u00edfiques i personalitzades.<\/strong><\/li>\n<li>Tria la <strong>mida<\/strong> del teu impacte.<\/li>\n<li>I tria <strong>on i com<\/strong> impactar: zones, classe social, necessitats &#8230;<\/li>\n<li>El teu anunci <strong>\u00e9s el primer que es veu<\/strong>.<\/li>\n<li>Missatges directes <strong>sense distracci\u00f3<\/strong> a un p\u00fablic atent i exclusiu, <strong>100% captiu<\/strong>.<\/li>\n<li>Reposiciona la teva marca.<\/li>\n<\/ul>\n<h3 style=\"text-align: center; color: #868686;\">En Publikment no nom\u00e9s mostrem la teva marca, aconseguim que li prestin atenci\u00f3!<\/h3>\n<p>[\/wt_service_box][\/vc_column][vc_column offset=&#8221;vc_col-lg-6&#8243;][wt_service_box icon_size=&#8221;60&#8243; content_new_row=&#8221;yes&#8221; css_animation=&#8221;fadeInUp&#8221; anim_type=&#8221;wt_animate_if_almost_visible&#8221; icon=&#8221;fa-plus-circle&#8221; title=&#8221;Valors diferenciadors&#8221; anim_delay=&#8221;100&#8243;]Un sol anunci col\u00b7locat en un dels nostres espais publicitaris suposa una mitjana de m\u00e9s de <strong>500.000 visualitzacions al mes.<\/strong><\/p>\n<p>&nbsp;<\/p>\n<h3 style=\"text-align: center; color: #868686;\">Una publicitat amb alta efectivitat<br \/>\n=<br \/>\nUn anunci efica\u00e7<\/h3>\n<p>[\/wt_service_box][\/vc_column][\/vc_row]<\/p>\n","protected":false},"excerpt":{"rendered":"<p>[vc_row center_row=&#8221;yes&#8221;][vc_column][wt_section_headings]<\/p>\n<p>Qui som<br \/>\nSobre nosaltres<\/p>\n<p>Som una empresa de gesti\u00f3 publicit\u00e0ria, creada per un grup d&#8217;emprenedors que apostem per l&#8217;efic\u00e0cia d&#8217;un innovador i original canal publicitari[\/wt_section_headings][\/vc_column][\/vc_row][vc_row center_row=&#8221;yes&#8221; border_color=&#8221;#eeeeee&#8221; border_width=&#8221;1px 0px 0px 0px&#8221; padding_top=&#8221;80&#8243; padding_bottom=&#8221;80&#8243; bck_color=&#8221;#f5f5f5&#8243;][vc_column css_animation=&#8221;fadeInLeft&#8221; anim_type=&#8221;wt_animate_if_almost_visible&#8221; el_class=&#8221;col-md-6&#8243; el_id=&#8221;accordion-holder&#8221; offset=&#8221;vc_col-lg-6&#8243; anim_delay=&#8221;100&#8243;][vc_single_image image=&#8221;1200&#8243; img_size=&#8221;full&#8221; alignment=&#8221;center&#8221;][\/vc_column][vc_column css_animation=&#8221;fadeInRight&#8221; el_class=&#8221;col-md-6&#8243; offset=&#8221;vc_col-lg-6&#8243; anim_delay=&#8221;100&#8243;][vc_tta_accordion active_section=&#8221;1&#8243; css_animation=&#8221;none&#8221;][vc_tta_section title=&#8221;Qui som?&#8221; tab_id=&#8221;1487965398803-aa04af67-c996&#8243;][vc_column_text]Publikment \u00e9s un grup de professionals amb \u00e0mplia experi\u00e8ncia en m\u00e0rqueting i en el sector de la publicitat. Ens dediquem a millorar la rendibilitat dels nostres clients augmentant les seves vendes i optimitzant la inversi\u00f3.[\/vc_column_text][\/vc_tta_section][vc_tta_section title=&#8221;Qu\u00e8 fem?&#8221; tab_id=&#8221;1487965398874-7b6521c2-bda7&#8243;][vc_column_text]<\/p>\n<p>Fem que el seu anunci sigui visible, efica\u00e7 i atractiu<br \/>\nPosem a la seva [&#8230;] <a class=\"wt_read_more\" href=\"https:\/\/www.publikment.com\/ca\/qui-som\/\" title=\"Read more\" rel=\"bookmark\">Read more<i class=\"fa-angle-double-right\"><\/i><\/a><\/p>\n","protected":false},"author":1,"featured_media":0,"parent":0,"menu_order":0,"comment_status":"open","ping_status":"closed","template":"","meta":{"footnotes":""},"class_list":["post-1278","page","type-page","status-publish","hentry"],"yoast_head":"<!-- This site is optimized with the Yoast SEO plugin v25.6 - https:\/\/yoast.com\/wordpress\/plugins\/seo\/ -->\n<title>Qui som - Publikment<\/title>\n<meta name=\"robots\" content=\"index, follow, max-snippet:-1, max-image-preview:large, max-video-preview:-1\" \/>\n<link rel=\"canonical\" href=\"https:\/\/www.publikment.com\/quienes-somos\/\" \/>\n<meta property=\"og:locale\" content=\"ca_ES\" \/>\n<meta property=\"og:type\" content=\"article\" \/>\n<meta property=\"og:title\" content=\"Qui som - Publikment\" \/>\n<meta property=\"og:description\" content=\"[vc_row center_row=&#8221;yes&#8221;][vc_column][wt_section_headings] Qui som Sobre nosaltres Som una empresa de gesti\u00f3 publicit\u00e0ria, creada per un grup d&#8217;emprenedors que apostem per l&#8217;efic\u00e0cia d&#8217;un innovador i original canal publicitari[\/wt_section_headings][\/vc_column][\/vc_row][vc_row center_row=&#8221;yes&#8221; border_color=&#8221;#eeeeee&#8221; border_width=&#8221;1px 0px 0px 0px&#8221; padding_top=&#8221;80&#8243; padding_bottom=&#8221;80&#8243; bck_color=&#8221;#f5f5f5&#8243;][vc_column css_animation=&#8221;fadeInLeft&#8221; anim_type=&#8221;wt_animate_if_almost_visible&#8221; el_class=&#8221;col-md-6&#8243; el_id=&#8221;accordion-holder&#8221; offset=&#8221;vc_col-lg-6&#8243; anim_delay=&#8221;100&#8243;][vc_single_image image=&#8221;1200&#8243; img_size=&#8221;full&#8221; alignment=&#8221;center&#8221;][\/vc_column][vc_column css_animation=&#8221;fadeInRight&#8221; el_class=&#8221;col-md-6&#8243; offset=&#8221;vc_col-lg-6&#8243; anim_delay=&#8221;100&#8243;][vc_tta_accordion active_section=&#8221;1&#8243; css_animation=&#8221;none&#8221;][vc_tta_section title=&#8221;Qui som?&#8221; tab_id=&#8221;1487965398803-aa04af67-c996&#8243;][vc_column_text]Publikment \u00e9s un grup de professionals amb \u00e0mplia experi\u00e8ncia en m\u00e0rqueting i en el sector de la publicitat. Ens dediquem a millorar la rendibilitat dels nostres clients augmentant les seves vendes i optimitzant la inversi\u00f3.[\/vc_column_text][\/vc_tta_section][vc_tta_section title=&#8221;Qu\u00e8 fem?&#8221; tab_id=&#8221;1487965398874-7b6521c2-bda7&#8243;][vc_column_text] Fem que el seu anunci sigui visible, efica\u00e7 i atractiu Posem a la seva [...] Read more\" \/>\n<meta property=\"og:url\" content=\"https:\/\/www.publikment.com\/quienes-somos\/\" \/>\n<meta property=\"og:site_name\" content=\"Publikment\" \/>\n<meta property=\"article:modified_time\" content=\"2018-09-04T12:12:07+00:00\" \/>\n<meta name=\"twitter:card\" content=\"summary_large_image\" \/>\n<meta name=\"twitter:label1\" content=\"Temps estimat de lectura\" \/>\n\t<meta name=\"twitter:data1\" content=\"4 minuts\" \/>\n<script type=\"application\/ld+json\" class=\"yoast-schema-graph\">{\"@context\":\"https:\/\/schema.org\",\"@graph\":[{\"@type\":\"WebPage\",\"@id\":\"https:\/\/www.publikment.com\/quienes-somos\/\",\"url\":\"https:\/\/www.publikment.com\/quienes-somos\/\",\"name\":\"Qui som - Publikment\",\"isPartOf\":{\"@id\":\"https:\/\/www.publikment.com\/#website\"},\"datePublished\":\"2014-12-09T20:07:32+00:00\",\"dateModified\":\"2018-09-04T12:12:07+00:00\",\"breadcrumb\":{\"@id\":\"https:\/\/www.publikment.com\/quienes-somos\/#breadcrumb\"},\"inLanguage\":\"ca\",\"potentialAction\":[{\"@type\":\"ReadAction\",\"target\":[\"https:\/\/www.publikment.com\/quienes-somos\/\"]}]},{\"@type\":\"BreadcrumbList\",\"@id\":\"https:\/\/www.publikment.com\/quienes-somos\/#breadcrumb\",\"itemListElement\":[{\"@type\":\"ListItem\",\"position\":1,\"name\":\"Portada\",\"item\":\"https:\/\/www.publikment.com\/\"},{\"@type\":\"ListItem\",\"position\":2,\"name\":\"Qui som\"}]},{\"@type\":\"WebSite\",\"@id\":\"https:\/\/www.publikment.com\/#website\",\"url\":\"https:\/\/www.publikment.com\/\",\"name\":\"Publikment\",\"description\":\"Publicidad en movimiento\",\"publisher\":{\"@id\":\"https:\/\/www.publikment.com\/#organization\"},\"potentialAction\":[{\"@type\":\"SearchAction\",\"target\":{\"@type\":\"EntryPoint\",\"urlTemplate\":\"https:\/\/www.publikment.com\/?s={search_term_string}\"},\"query-input\":{\"@type\":\"PropertyValueSpecification\",\"valueRequired\":true,\"valueName\":\"search_term_string\"}}],\"inLanguage\":\"ca\"},{\"@type\":\"Organization\",\"@id\":\"https:\/\/www.publikment.com\/#organization\",\"name\":\"Publikment\",\"url\":\"https:\/\/www.publikment.com\/\",\"logo\":{\"@type\":\"ImageObject\",\"inLanguage\":\"ca\",\"@id\":\"https:\/\/www.publikment.com\/#\/schema\/logo\/image\/\",\"url\":\"https:\/\/www.publikment.com\/wp-content\/uploads\/2016\/09\/logo_Publikment.png\",\"contentUrl\":\"https:\/\/www.publikment.com\/wp-content\/uploads\/2016\/09\/logo_Publikment.png\",\"width\":700,\"height\":173,\"caption\":\"Publikment\"},\"image\":{\"@id\":\"https:\/\/www.publikment.com\/#\/schema\/logo\/image\/\"}}]}<\/script>\n<!-- \/ Yoast SEO plugin. -->","yoast_head_json":{"title":"Qui som - Publikment","robots":{"index":"index","follow":"follow","max-snippet":"max-snippet:-1","max-image-preview":"max-image-preview:large","max-video-preview":"max-video-preview:-1"},"canonical":"https:\/\/www.publikment.com\/quienes-somos\/","og_locale":"ca_ES","og_type":"article","og_title":"Qui som - Publikment","og_description":"[vc_row center_row=&#8221;yes&#8221;][vc_column][wt_section_headings] Qui som Sobre nosaltres Som una empresa de gesti\u00f3 publicit\u00e0ria, creada per un grup d&#8217;emprenedors que apostem per l&#8217;efic\u00e0cia d&#8217;un innovador i original canal publicitari[\/wt_section_headings][\/vc_column][\/vc_row][vc_row center_row=&#8221;yes&#8221; border_color=&#8221;#eeeeee&#8221; border_width=&#8221;1px 0px 0px 0px&#8221; padding_top=&#8221;80&#8243; padding_bottom=&#8221;80&#8243; bck_color=&#8221;#f5f5f5&#8243;][vc_column css_animation=&#8221;fadeInLeft&#8221; anim_type=&#8221;wt_animate_if_almost_visible&#8221; el_class=&#8221;col-md-6&#8243; el_id=&#8221;accordion-holder&#8221; offset=&#8221;vc_col-lg-6&#8243; anim_delay=&#8221;100&#8243;][vc_single_image image=&#8221;1200&#8243; img_size=&#8221;full&#8221; alignment=&#8221;center&#8221;][\/vc_column][vc_column css_animation=&#8221;fadeInRight&#8221; el_class=&#8221;col-md-6&#8243; offset=&#8221;vc_col-lg-6&#8243; anim_delay=&#8221;100&#8243;][vc_tta_accordion active_section=&#8221;1&#8243; css_animation=&#8221;none&#8221;][vc_tta_section title=&#8221;Qui som?&#8221; tab_id=&#8221;1487965398803-aa04af67-c996&#8243;][vc_column_text]Publikment \u00e9s un grup de professionals amb \u00e0mplia experi\u00e8ncia en m\u00e0rqueting i en el sector de la publicitat. Ens dediquem a millorar la rendibilitat dels nostres clients augmentant les seves vendes i optimitzant la inversi\u00f3.[\/vc_column_text][\/vc_tta_section][vc_tta_section title=&#8221;Qu\u00e8 fem?&#8221; tab_id=&#8221;1487965398874-7b6521c2-bda7&#8243;][vc_column_text] Fem que el seu anunci sigui visible, efica\u00e7 i atractiu Posem a la seva [...] Read more","og_url":"https:\/\/www.publikment.com\/quienes-somos\/","og_site_name":"Publikment","article_modified_time":"2018-09-04T12:12:07+00:00","twitter_card":"summary_large_image","twitter_misc":{"Temps estimat de lectura":"4 minuts"},"schema":{"@context":"https:\/\/schema.org","@graph":[{"@type":"WebPage","@id":"https:\/\/www.publikment.com\/quienes-somos\/","url":"https:\/\/www.publikment.com\/quienes-somos\/","name":"Qui som - Publikment","isPartOf":{"@id":"https:\/\/www.publikment.com\/#website"},"datePublished":"2014-12-09T20:07:32+00:00","dateModified":"2018-09-04T12:12:07+00:00","breadcrumb":{"@id":"https:\/\/www.publikment.com\/quienes-somos\/#breadcrumb"},"inLanguage":"ca","potentialAction":[{"@type":"ReadAction","target":["https:\/\/www.publikment.com\/quienes-somos\/"]}]},{"@type":"BreadcrumbList","@id":"https:\/\/www.publikment.com\/quienes-somos\/#breadcrumb","itemListElement":[{"@type":"ListItem","position":1,"name":"Portada","item":"https:\/\/www.publikment.com\/"},{"@type":"ListItem","position":2,"name":"Qui som"}]},{"@type":"WebSite","@id":"https:\/\/www.publikment.com\/#website","url":"https:\/\/www.publikment.com\/","name":"Publikment","description":"Publicidad en movimiento","publisher":{"@id":"https:\/\/www.publikment.com\/#organization"},"potentialAction":[{"@type":"SearchAction","target":{"@type":"EntryPoint","urlTemplate":"https:\/\/www.publikment.com\/?s={search_term_string}"},"query-input":{"@type":"PropertyValueSpecification","valueRequired":true,"valueName":"search_term_string"}}],"inLanguage":"ca"},{"@type":"Organization","@id":"https:\/\/www.publikment.com\/#organization","name":"Publikment","url":"https:\/\/www.publikment.com\/","logo":{"@type":"ImageObject","inLanguage":"ca","@id":"https:\/\/www.publikment.com\/#\/schema\/logo\/image\/","url":"https:\/\/www.publikment.com\/wp-content\/uploads\/2016\/09\/logo_Publikment.png","contentUrl":"https:\/\/www.publikment.com\/wp-content\/uploads\/2016\/09\/logo_Publikment.png","width":700,"height":173,"caption":"Publikment"},"image":{"@id":"https:\/\/www.publikment.com\/#\/schema\/logo\/image\/"}}]}},"_links":{"self":[{"href":"https:\/\/www.publikment.com\/ca\/wp-json\/wp\/v2\/pages\/1278","targetHints":{"allow":["GET"]}}],"collection":[{"href":"https:\/\/www.publikment.com\/ca\/wp-json\/wp\/v2\/pages"}],"about":[{"href":"https:\/\/www.publikment.com\/ca\/wp-json\/wp\/v2\/types\/page"}],"author":[{"embeddable":true,"href":"https:\/\/www.publikment.com\/ca\/wp-json\/wp\/v2\/users\/1"}],"replies":[{"embeddable":true,"href":"https:\/\/www.publikment.com\/ca\/wp-json\/wp\/v2\/comments?post=1278"}],"version-history":[{"count":9,"href":"https:\/\/www.publikment.com\/ca\/wp-json\/wp\/v2\/pages\/1278\/revisions"}],"predecessor-version":[{"id":1394,"href":"https:\/\/www.publikment.com\/ca\/wp-json\/wp\/v2\/pages\/1278\/revisions\/1394"}],"wp:attachment":[{"href":"https:\/\/www.publikment.com\/ca\/wp-json\/wp\/v2\/media?parent=1278"}],"curies":[{"name":"wp","href":"https:\/\/api.w.org\/{rel}","templated":true}]}}