{"id":1274,"date":"2017-03-27T17:20:16","date_gmt":"2017-03-27T17:20:16","guid":{"rendered":"http:\/\/www.publikment.com\/?page_id=1274"},"modified":"2018-09-04T11:57:33","modified_gmt":"2018-09-04T11:57:33","slug":"home-2","status":"publish","type":"page","link":"https:\/\/www.publikment.com\/ca\/home-2\/","title":{"rendered":"Home"},"content":{"rendered":"<p>[vc_row][vc_column offset=&#8221;vc_hidden-md vc_hidden-sm vc_hidden-xs&#8221;][wt_spacer height=&#8221;50&#8243;][\/vc_column][\/vc_row][vc_row center_row=&#8221;yes&#8221;][vc_column offset=&#8221;vc_col-lg-7 vc_col-md-7&#8243;][vc_raw_html]JTNDaDElM0VQdWJsaWttZW50JTNDJTJGaDElM0U=[\/vc_raw_html][wt_section_headings]<\/p>\n<h3 style=\"color: #7e0846; text-align: left;\">\u00c9s el moment de traslladar les teves idees a la ment dels teus futurs clients!<\/h3>\n<h4 style=\"color: #ffffff; text-align: left;\">El teu anunci publicitari a la teva localitat<\/h4>\n<p>[\/wt_section_headings][vc_column_text css=&#8221;.vc_custom_1536062251389{padding-left: 25px !important;}&#8221; el_class=&#8221;wt_intro_feature&#8221;]Publikment neix amb la finalitat de proporcionar una nova forma d&#8217;expressi\u00f3 publicit\u00e0ria, de qualitat, compromesa, amb suport de proximitat al client en un entorn i mig escepcional.<\/p>\n<p>Gestionem espais publicitaris, oferint a l&#8217;anunciant un immillorable mitj\u00e0 per fer-se veure per la gran quantitat de possibles clients a les ciutats.[\/vc_column_text][vc_raw_html]JTNDZGl2JTIwY2xhc3MlM0QlMjJ0ZXh0LWxlZnQlMjIlM0UlMEElMjAlMjAlMjAlMjAlM0MlMjEtLSUzQ2ElMjBjbGFzcyUzRCUyMmJ0biUyMGJ0bi10aGVtZSUyMiUyMGhyZWYlM0QlMjIlMkZjYSUyRmFzY2Vuc29ycyUyMiUyMHN0eWxlJTNEJTIyYmFja2dyb3VuZC1jb2xvciUzQSUyMCUyM2ZlYzMyZCUzQiUyMiUzRUVscyUyMG5vc3RyZXMlMjBhc2NlbnNvcnMlM0MlMkZhJTNFLS0lM0UlMEElMjAlMjAlMjAlMjAlM0NhJTIwY2xhc3MlM0QlMjJidG4lMjBidG4tdGhlbWUlMjIlMjBocmVmJTNEJTIyJTJGY2ElMkYlMjNkYWRlcy1nbG9iYWxzJTIyJTNFQmVuZWZpY2lzJTNDJTJGYSUzRSUwQSUzQyUyRmRpdiUzRQ==[\/vc_raw_html][\/vc_column][vc_column offset=&#8221;vc_col-lg-5 vc_col-md-5&#8243;][vc_column_text]\n<div class=\"wpcf7 no-js\" id=\"wpcf7-f1059-o1\" lang=\"es-ES\" dir=\"ltr\" data-wpcf7-id=\"1059\">\n<div class=\"screen-reader-response\"><p role=\"status\" aria-live=\"polite\" aria-atomic=\"true\"><\/p> <ul><\/ul><\/div>\n<form action=\"\/ca\/wp-json\/wp\/v2\/pages\/1274#wpcf7-f1059-o1\" method=\"post\" class=\"wpcf7-form init\" aria-label=\"Formulario de contacto\" novalidate=\"novalidate\" data-status=\"init\">\n<fieldset class=\"hidden-fields-container\"><input type=\"hidden\" name=\"_wpcf7\" value=\"1059\" \/><input type=\"hidden\" name=\"_wpcf7_version\" value=\"6.1\" \/><input type=\"hidden\" name=\"_wpcf7_locale\" value=\"es_ES\" \/><input type=\"hidden\" name=\"_wpcf7_unit_tag\" value=\"wpcf7-f1059-o1\" \/><input type=\"hidden\" name=\"_wpcf7_container_post\" value=\"0\" \/><input type=\"hidden\" name=\"_wpcf7_posted_data_hash\" value=\"\" \/>\n<\/fieldset>\n<h4>Desitja que la seva publicitat sigui un \u00e8xit i que li reporti beneficis...?\n<\/h4>\n<p class=\"wt_form_text\">Ompli aquest formulari i ens posarem en contacte per oferir-los la millor soluci\u00f3 per a les seves necessitats.\n<\/p>\n<p><span class=\"wpcf7-form-control-wrap\" data-name=\"your-name\"><input size=\"40\" maxlength=\"400\" class=\"wpcf7-form-control wpcf7-text wpcf7-validates-as-required\" aria-required=\"true\" aria-invalid=\"false\" placeholder=\"Nom\" value=\"\" type=\"text\" name=\"your-name\" \/><\/span>\n<\/p>\n<p><span class=\"wpcf7-form-control-wrap\" data-name=\"your-email\"><input size=\"40\" maxlength=\"400\" class=\"wpcf7-form-control wpcf7-email wpcf7-validates-as-required wpcf7-text wpcf7-validates-as-email\" aria-required=\"true\" aria-invalid=\"false\" placeholder=\"Correu electr\u00f2nic\" value=\"\" type=\"email\" name=\"your-email\" \/><\/span>\n<\/p>\n<p><span class=\"wpcf7-form-control-wrap\" data-name=\"your-phone\"><input size=\"40\" maxlength=\"400\" class=\"wpcf7-form-control wpcf7-text wpcf7-validates-as-required\" aria-required=\"true\" aria-invalid=\"false\" placeholder=\"Tel\u00e8fon\" value=\"\" type=\"text\" name=\"your-phone\" \/><\/span>\n<\/p>\n<p><span class=\"wpcf7-form-control-wrap\" data-name=\"your-message\"><textarea cols=\"40\" rows=\"5\" maxlength=\"2000\" class=\"wpcf7-form-control wpcf7-textarea\" aria-invalid=\"false\" placeholder=\"El seu missatge\" name=\"your-message\"><\/textarea><\/span>\n<\/p>\n<p class=\"wt_form_text\" style=\"font-size:9pt;\">Aquest correu \u00e9s unicament per ficar-nos en contacte amb vosaltres. No es far\u00e0 servir per spam. Totes les caselles s\u00f3n obligat\u00f2ries.\n<\/p>\n<p><input class=\"wpcf7-form-control wpcf7-submit has-spinner\" type=\"submit\" value=\"Enviar\" \/>\n<\/p><div class=\"wpcf7-response-output\" aria-hidden=\"true\"><\/div>\n<\/form>\n<\/div>\n[\/vc_column_text][\/vc_column][\/vc_row][vc_row][vc_column offset=&#8221;vc_hidden-md vc_hidden-sm vc_hidden-xs&#8221;][wt_spacer height=&#8221;50&#8243;][\/vc_column][\/vc_row]<\/p>\n","protected":false},"excerpt":{"rendered":"<p>[vc_row][vc_column offset=&#8221;vc_hidden-md vc_hidden-sm vc_hidden-xs&#8221;][wt_spacer height=&#8221;50&#8243;][\/vc_column][\/vc_row][vc_row center_row=&#8221;yes&#8221;][vc_column offset=&#8221;vc_col-lg-7 vc_col-md-7&#8243;][vc_raw_html]JTNDaDElM0VQdWJsaWttZW50JTNDJTJGaDElM0U=[\/vc_raw_html][wt_section_headings]<\/p>\n<p>\u00c9s el moment de traslladar les teves idees a la ment dels teus futurs clients!<br \/>\nEl teu anunci publicitari a la teva localitat<\/p>\n<p>[\/wt_section_headings][vc_column_text css=&#8221;.vc_custom_1536062251389{padding-left: 25px !important;}&#8221; el_class=&#8221;wt_intro_feature&#8221;]Publikment neix amb la finalitat de proporcionar una nova forma d&#8217;expressi\u00f3 publicit\u00e0ria, de qualitat, compromesa, amb suport de proximitat al client en un entorn i mig escepcional.<\/p>\n<p>Gestionem espais publicitaris, oferint a l&#8217;anunciant un immillorable mitj\u00e0 per fer-se veure per la gran quantitat de possibles clients a les ciutats.[\/vc_column_text][vc_raw_html]JTNDZGl2JTIwY2xhc3MlM0QlMjJ0ZXh0LWxlZnQlMjIlM0UlMEElMjAlMjAlMjAlMjAlM0MlMjEtLSUzQ2ElMjBjbGFzcyUzRCUyMmJ0biUyMGJ0bi10aGVtZSUyMiUyMGhyZWYlM0QlMjIlMkZjYSUyRmFzY2Vuc29ycyUyMiUyMHN0eWxlJTNEJTIyYmFja2dyb3VuZC1jb2xvciUzQSUyMCUyM2ZlYzMyZCUzQiUyMiUzRUVscyUyMG5vc3RyZXMlMjBhc2NlbnNvcnMlM0MlMkZhJTNFLS0lM0UlMEElMjAlMjAlMjAlMjAlM0NhJTIwY2xhc3MlM0QlMjJidG4lMjBidG4tdGhlbWUlMjIlMjBocmVmJTNEJTIyJTJGY2ElMkYlMjNkYWRlcy1nbG9iYWxzJTIyJTNFQmVuZWZpY2lzJTNDJTJGYSUzRSUwQSUzQyUyRmRpdiUzRQ==[\/vc_raw_html][\/vc_column][vc_column offset=&#8221;vc_col-lg-5 vc_col-md-5&#8243;][vc_column_text]<\/p>\n<p role=\"status\" aria-live=\"polite\" aria-atomic=\"true\">\n<p>Desitja que la seva publicitat sigui un \u00e8xit i que li reporti beneficis&#8230;?<\/p>\n<p class=\"wt_form_text\">Ompli aquest [&#8230;] <a class=\"wt_read_more\" href=\"https:\/\/www.publikment.com\/ca\/home-2\/\" title=\"Read more\" rel=\"bookmark\">Read more<i class=\"fa-angle-double-right\"><\/i><\/a><\/p>\n","protected":false},"author":1,"featured_media":0,"parent":0,"menu_order":0,"comment_status":"closed","ping_status":"closed","template":"","meta":{"footnotes":""},"class_list":["post-1274","page","type-page","status-publish","hentry"],"yoast_head":"<!-- This site is optimized with the Yoast SEO plugin v25.6 - https:\/\/yoast.com\/wordpress\/plugins\/seo\/ -->\n<title>Home - Publikment<\/title>\n<meta name=\"robots\" content=\"index, follow, max-snippet:-1, max-image-preview:large, max-video-preview:-1\" \/>\n<link rel=\"canonical\" href=\"https:\/\/www.publikment.com\/home\/\" \/>\n<meta property=\"og:locale\" content=\"ca_ES\" \/>\n<meta property=\"og:type\" content=\"article\" \/>\n<meta property=\"og:title\" content=\"Home - Publikment\" \/>\n<meta property=\"og:description\" content=\"[vc_row][vc_column offset=&#8221;vc_hidden-md vc_hidden-sm vc_hidden-xs&#8221;][wt_spacer height=&#8221;50&#8243;][\/vc_column][\/vc_row][vc_row center_row=&#8221;yes&#8221;][vc_column offset=&#8221;vc_col-lg-7 vc_col-md-7&#8243;][vc_raw_html]JTNDaDElM0VQdWJsaWttZW50JTNDJTJGaDElM0U=[\/vc_raw_html][wt_section_headings] \u00c9s el moment de traslladar les teves idees a la ment dels teus futurs clients! El teu anunci publicitari a la teva localitat [\/wt_section_headings][vc_column_text css=&#8221;.vc_custom_1536062251389{padding-left: 25px !important;}&#8221; el_class=&#8221;wt_intro_feature&#8221;]Publikment neix amb la finalitat de proporcionar una nova forma d&#8217;expressi\u00f3 publicit\u00e0ria, de qualitat, compromesa, amb suport de proximitat al client en un entorn i mig escepcional. Gestionem espais publicitaris, oferint a l&#8217;anunciant un immillorable mitj\u00e0 per fer-se veure per la gran quantitat de possibles clients a les ciutats.[\/vc_column_text][vc_raw_html]JTNDZGl2JTIwY2xhc3MlM0QlMjJ0ZXh0LWxlZnQlMjIlM0UlMEElMjAlMjAlMjAlMjAlM0MlMjEtLSUzQ2ElMjBjbGFzcyUzRCUyMmJ0biUyMGJ0bi10aGVtZSUyMiUyMGhyZWYlM0QlMjIlMkZjYSUyRmFzY2Vuc29ycyUyMiUyMHN0eWxlJTNEJTIyYmFja2dyb3VuZC1jb2xvciUzQSUyMCUyM2ZlYzMyZCUzQiUyMiUzRUVscyUyMG5vc3RyZXMlMjBhc2NlbnNvcnMlM0MlMkZhJTNFLS0lM0UlMEElMjAlMjAlMjAlMjAlM0NhJTIwY2xhc3MlM0QlMjJidG4lMjBidG4tdGhlbWUlMjIlMjBocmVmJTNEJTIyJTJGY2ElMkYlMjNkYWRlcy1nbG9iYWxzJTIyJTNFQmVuZWZpY2lzJTNDJTJGYSUzRSUwQSUzQyUyRmRpdiUzRQ==[\/vc_raw_html][\/vc_column][vc_column offset=&#8221;vc_col-lg-5 vc_col-md-5&#8243;][vc_column_text]    Desitja que la seva publicitat sigui un \u00e8xit i que li reporti beneficis...? Ompli aquest [...] Read more\" \/>\n<meta property=\"og:url\" content=\"https:\/\/www.publikment.com\/home\/\" \/>\n<meta property=\"og:site_name\" content=\"Publikment\" \/>\n<meta property=\"article:modified_time\" content=\"2018-09-04T11:57:33+00:00\" \/>\n<meta name=\"twitter:card\" content=\"summary_large_image\" \/>\n<meta name=\"twitter:label1\" content=\"Temps estimat de lectura\" \/>\n\t<meta name=\"twitter:data1\" content=\"1 minut\" \/>\n<script type=\"application\/ld+json\" class=\"yoast-schema-graph\">{\"@context\":\"https:\/\/schema.org\",\"@graph\":[{\"@type\":\"WebPage\",\"@id\":\"https:\/\/www.publikment.com\/home\/\",\"url\":\"https:\/\/www.publikment.com\/home\/\",\"name\":\"Home - Publikment\",\"isPartOf\":{\"@id\":\"https:\/\/www.publikment.com\/#website\"},\"datePublished\":\"2017-03-27T17:20:16+00:00\",\"dateModified\":\"2018-09-04T11:57:33+00:00\",\"breadcrumb\":{\"@id\":\"https:\/\/www.publikment.com\/home\/#breadcrumb\"},\"inLanguage\":\"ca\",\"potentialAction\":[{\"@type\":\"ReadAction\",\"target\":[\"https:\/\/www.publikment.com\/home\/\"]}]},{\"@type\":\"BreadcrumbList\",\"@id\":\"https:\/\/www.publikment.com\/home\/#breadcrumb\",\"itemListElement\":[{\"@type\":\"ListItem\",\"position\":1,\"name\":\"Portada\",\"item\":\"https:\/\/www.publikment.com\/\"},{\"@type\":\"ListItem\",\"position\":2,\"name\":\"Home\"}]},{\"@type\":\"WebSite\",\"@id\":\"https:\/\/www.publikment.com\/#website\",\"url\":\"https:\/\/www.publikment.com\/\",\"name\":\"Publikment\",\"description\":\"Publicidad en movimiento\",\"publisher\":{\"@id\":\"https:\/\/www.publikment.com\/#organization\"},\"potentialAction\":[{\"@type\":\"SearchAction\",\"target\":{\"@type\":\"EntryPoint\",\"urlTemplate\":\"https:\/\/www.publikment.com\/?s={search_term_string}\"},\"query-input\":{\"@type\":\"PropertyValueSpecification\",\"valueRequired\":true,\"valueName\":\"search_term_string\"}}],\"inLanguage\":\"ca\"},{\"@type\":\"Organization\",\"@id\":\"https:\/\/www.publikment.com\/#organization\",\"name\":\"Publikment\",\"url\":\"https:\/\/www.publikment.com\/\",\"logo\":{\"@type\":\"ImageObject\",\"inLanguage\":\"ca\",\"@id\":\"https:\/\/www.publikment.com\/#\/schema\/logo\/image\/\",\"url\":\"https:\/\/www.publikment.com\/wp-content\/uploads\/2016\/09\/logo_Publikment.png\",\"contentUrl\":\"https:\/\/www.publikment.com\/wp-content\/uploads\/2016\/09\/logo_Publikment.png\",\"width\":700,\"height\":173,\"caption\":\"Publikment\"},\"image\":{\"@id\":\"https:\/\/www.publikment.com\/#\/schema\/logo\/image\/\"}}]}<\/script>\n<!-- \/ Yoast SEO plugin. -->","yoast_head_json":{"title":"Home - Publikment","robots":{"index":"index","follow":"follow","max-snippet":"max-snippet:-1","max-image-preview":"max-image-preview:large","max-video-preview":"max-video-preview:-1"},"canonical":"https:\/\/www.publikment.com\/home\/","og_locale":"ca_ES","og_type":"article","og_title":"Home - Publikment","og_description":"[vc_row][vc_column offset=&#8221;vc_hidden-md vc_hidden-sm vc_hidden-xs&#8221;][wt_spacer height=&#8221;50&#8243;][\/vc_column][\/vc_row][vc_row center_row=&#8221;yes&#8221;][vc_column offset=&#8221;vc_col-lg-7 vc_col-md-7&#8243;][vc_raw_html]JTNDaDElM0VQdWJsaWttZW50JTNDJTJGaDElM0U=[\/vc_raw_html][wt_section_headings] \u00c9s el moment de traslladar les teves idees a la ment dels teus futurs clients! El teu anunci publicitari a la teva localitat [\/wt_section_headings][vc_column_text css=&#8221;.vc_custom_1536062251389{padding-left: 25px !important;}&#8221; el_class=&#8221;wt_intro_feature&#8221;]Publikment neix amb la finalitat de proporcionar una nova forma d&#8217;expressi\u00f3 publicit\u00e0ria, de qualitat, compromesa, amb suport de proximitat al client en un entorn i mig escepcional. Gestionem espais publicitaris, oferint a l&#8217;anunciant un immillorable mitj\u00e0 per fer-se veure per la gran quantitat de possibles clients a les ciutats.[\/vc_column_text][vc_raw_html]JTNDZGl2JTIwY2xhc3MlM0QlMjJ0ZXh0LWxlZnQlMjIlM0UlMEElMjAlMjAlMjAlMjAlM0MlMjEtLSUzQ2ElMjBjbGFzcyUzRCUyMmJ0biUyMGJ0bi10aGVtZSUyMiUyMGhyZWYlM0QlMjIlMkZjYSUyRmFzY2Vuc29ycyUyMiUyMHN0eWxlJTNEJTIyYmFja2dyb3VuZC1jb2xvciUzQSUyMCUyM2ZlYzMyZCUzQiUyMiUzRUVscyUyMG5vc3RyZXMlMjBhc2NlbnNvcnMlM0MlMkZhJTNFLS0lM0UlMEElMjAlMjAlMjAlMjAlM0NhJTIwY2xhc3MlM0QlMjJidG4lMjBidG4tdGhlbWUlMjIlMjBocmVmJTNEJTIyJTJGY2ElMkYlMjNkYWRlcy1nbG9iYWxzJTIyJTNFQmVuZWZpY2lzJTNDJTJGYSUzRSUwQSUzQyUyRmRpdiUzRQ==[\/vc_raw_html][\/vc_column][vc_column offset=&#8221;vc_col-lg-5 vc_col-md-5&#8243;][vc_column_text]    Desitja que la seva publicitat sigui un \u00e8xit i que li reporti beneficis...? Ompli aquest [...] Read more","og_url":"https:\/\/www.publikment.com\/home\/","og_site_name":"Publikment","article_modified_time":"2018-09-04T11:57:33+00:00","twitter_card":"summary_large_image","twitter_misc":{"Temps estimat de lectura":"1 minut"},"schema":{"@context":"https:\/\/schema.org","@graph":[{"@type":"WebPage","@id":"https:\/\/www.publikment.com\/home\/","url":"https:\/\/www.publikment.com\/home\/","name":"Home - Publikment","isPartOf":{"@id":"https:\/\/www.publikment.com\/#website"},"datePublished":"2017-03-27T17:20:16+00:00","dateModified":"2018-09-04T11:57:33+00:00","breadcrumb":{"@id":"https:\/\/www.publikment.com\/home\/#breadcrumb"},"inLanguage":"ca","potentialAction":[{"@type":"ReadAction","target":["https:\/\/www.publikment.com\/home\/"]}]},{"@type":"BreadcrumbList","@id":"https:\/\/www.publikment.com\/home\/#breadcrumb","itemListElement":[{"@type":"ListItem","position":1,"name":"Portada","item":"https:\/\/www.publikment.com\/"},{"@type":"ListItem","position":2,"name":"Home"}]},{"@type":"WebSite","@id":"https:\/\/www.publikment.com\/#website","url":"https:\/\/www.publikment.com\/","name":"Publikment","description":"Publicidad en movimiento","publisher":{"@id":"https:\/\/www.publikment.com\/#organization"},"potentialAction":[{"@type":"SearchAction","target":{"@type":"EntryPoint","urlTemplate":"https:\/\/www.publikment.com\/?s={search_term_string}"},"query-input":{"@type":"PropertyValueSpecification","valueRequired":true,"valueName":"search_term_string"}}],"inLanguage":"ca"},{"@type":"Organization","@id":"https:\/\/www.publikment.com\/#organization","name":"Publikment","url":"https:\/\/www.publikment.com\/","logo":{"@type":"ImageObject","inLanguage":"ca","@id":"https:\/\/www.publikment.com\/#\/schema\/logo\/image\/","url":"https:\/\/www.publikment.com\/wp-content\/uploads\/2016\/09\/logo_Publikment.png","contentUrl":"https:\/\/www.publikment.com\/wp-content\/uploads\/2016\/09\/logo_Publikment.png","width":700,"height":173,"caption":"Publikment"},"image":{"@id":"https:\/\/www.publikment.com\/#\/schema\/logo\/image\/"}}]}},"_links":{"self":[{"href":"https:\/\/www.publikment.com\/ca\/wp-json\/wp\/v2\/pages\/1274","targetHints":{"allow":["GET"]}}],"collection":[{"href":"https:\/\/www.publikment.com\/ca\/wp-json\/wp\/v2\/pages"}],"about":[{"href":"https:\/\/www.publikment.com\/ca\/wp-json\/wp\/v2\/types\/page"}],"author":[{"embeddable":true,"href":"https:\/\/www.publikment.com\/ca\/wp-json\/wp\/v2\/users\/1"}],"replies":[{"embeddable":true,"href":"https:\/\/www.publikment.com\/ca\/wp-json\/wp\/v2\/comments?post=1274"}],"version-history":[{"count":9,"href":"https:\/\/www.publikment.com\/ca\/wp-json\/wp\/v2\/pages\/1274\/revisions"}],"predecessor-version":[{"id":1386,"href":"https:\/\/www.publikment.com\/ca\/wp-json\/wp\/v2\/pages\/1274\/revisions\/1386"}],"wp:attachment":[{"href":"https:\/\/www.publikment.com\/ca\/wp-json\/wp\/v2\/media?parent=1274"}],"curies":[{"name":"wp","href":"https:\/\/api.w.org\/{rel}","templated":true}]}}